{"id":133,"date":"2024-03-11T06:59:33","date_gmt":"2024-03-11T06:59:33","guid":{"rendered":"https:\/\/demo2wpopal.b-cdn.net\/lebagol\/?page_id=133"},"modified":"2025-07-19T07:55:27","modified_gmt":"2025-07-19T13:55:27","slug":"our-story","status":"publish","type":"page","link":"https:\/\/hela-jolote.com\/index.php\/our-story\/","title":{"rendered":"Quienes Somos"},"content":{"rendered":"\t\t<div data-elementor-type=\"wp-page\" data-elementor-id=\"133\" class=\"elementor elementor-133\" data-elementor-post-type=\"page\">\n\t\t\t\t<div class=\"elementor-element elementor-element-93ce20b e-con-full e-flex e-con e-parent\" data-id=\"93ce20b\" data-element_type=\"container\">\n\t\t<div class=\"elementor-element elementor-element-242fd75 e-con-full e-flex e-con e-child\" data-id=\"242fd75\" data-element_type=\"container\" data-settings=\"{&quot;background_background&quot;:&quot;classic&quot;}\">\n\t\t\t\t<div class=\"elementor-element elementor-element-d388365 elementor-widget elementor-widget-spacer\" data-id=\"d388365\" data-element_type=\"widget\" data-widget_type=\"spacer.default\">\n\t\t\t\t<div class=\"elementor-widget-container\">\n\t\t\t\t\t\t\t<div class=\"elementor-spacer\">\n\t\t\t<div class=\"elementor-spacer-inner\"><\/div>\n\t\t<\/div>\n\t\t\t\t\t\t<\/div>\n\t\t\t\t<\/div>\n\t\t\t\t<\/div>\n\t\t<div class=\"elementor-element elementor-element-299b8f3 e-con-full e-flex e-con e-child\" data-id=\"299b8f3\" data-element_type=\"container\">\n\t\t\t\t<div class=\"elementor-element elementor-element-cd4f9c9 elementor-widget elementor-widget-heading\" data-id=\"cd4f9c9\" data-element_type=\"widget\" data-widget_type=\"heading.default\">\n\t\t\t\t<div class=\"elementor-widget-container\">\n\t\t\t\t\t<span class=\"elementor-heading-title elementor-size-default\">Quienes somos<\/span>\t\t\t\t<\/div>\n\t\t\t\t<\/div>\n\t\t\t\t<div class=\"elementor-element elementor-element-a708d19 elementor-widget elementor-widget-heading\" data-id=\"a708d19\" data-element_type=\"widget\" data-widget_type=\"heading.default\">\n\t\t\t\t<div class=\"elementor-widget-container\">\n\t\t\t\t\t<h2 class=\"elementor-heading-title elementor-size-default\">\u00a1Bienvenidos a la gran familia HELA-JOLOTE!<\/h2>\t\t\t\t<\/div>\n\t\t\t\t<\/div>\n\t\t\t\t<div class=\"elementor-element elementor-element-863f787 elementor-widget elementor-widget-text-editor\" data-id=\"863f787\" data-element_type=\"widget\" data-widget_type=\"text-editor.default\">\n\t\t\t\t<div class=\"elementor-widget-container\">\n\t\t\t\t\t\t\t\t\t<p>Somos Carmen, Karina, Andrea, Daniel y Carlos, los cinco socios que hace algunos a\u00f1os decidimos unir nuestras pasiones y sue\u00f1os para crear esta paleter\u00eda que hoy compartimos con ustedes. Desde el primer d\u00eda, nuestro prop\u00f3sito ha sido muy claro: compartir alegr\u00eda y placer a trav\u00e9s de una amplia gama de productos y sabores que a nosotros mismos nos encantan.<\/p>\t\t\t\t\t\t\t\t<\/div>\n\t\t\t\t<\/div>\n\t\t\t\t<\/div>\n\t\t<div class=\"elementor-element elementor-element-5010eeb e-con-full elementor-hidden-tablet elementor-hidden-mobile_extra e-flex e-con e-child\" data-id=\"5010eeb\" data-element_type=\"container\" data-settings=\"{&quot;background_background&quot;:&quot;classic&quot;}\">\n\t\t\t\t<div class=\"elementor-element elementor-element-171158e elementor-widget elementor-widget-spacer\" data-id=\"171158e\" data-element_type=\"widget\" data-widget_type=\"spacer.default\">\n\t\t\t\t<div class=\"elementor-widget-container\">\n\t\t\t\t\t\t\t<div class=\"elementor-spacer\">\n\t\t\t<div class=\"elementor-spacer-inner\"><\/div>\n\t\t<\/div>\n\t\t\t\t\t\t<\/div>\n\t\t\t\t<\/div>\n\t\t\t\t<\/div>\n\t\t\t\t<\/div>\n\t\t<div class=\"elementor-element elementor-element-91ca4a6 e-con-full e-flex e-con e-parent\" data-id=\"91ca4a6\" data-element_type=\"container\">\n\t\t<div class=\"elementor-element elementor-element-74027e8 e-con-full e-flex e-con e-child\" data-id=\"74027e8\" data-element_type=\"container\" data-settings=\"{&quot;background_background&quot;:&quot;classic&quot;}\">\n\t\t\t\t<div class=\"elementor-element elementor-element-3761570 elementor-widget elementor-widget-spacer\" data-id=\"3761570\" data-element_type=\"widget\" data-widget_type=\"spacer.default\">\n\t\t\t\t<div class=\"elementor-widget-container\">\n\t\t\t\t\t\t\t<div class=\"elementor-spacer\">\n\t\t\t<div class=\"elementor-spacer-inner\"><\/div>\n\t\t<\/div>\n\t\t\t\t\t\t<\/div>\n\t\t\t\t<\/div>\n\t\t\t\t<\/div>\n\t\t<div class=\"elementor-element elementor-element-62301b0 e-con-full e-flex e-con e-child\" data-id=\"62301b0\" data-element_type=\"container\">\n\t\t<div class=\"elementor-element elementor-element-9a5725f e-con-full e-flex e-con e-child\" data-id=\"9a5725f\" data-element_type=\"container\" data-settings=\"{&quot;background_background&quot;:&quot;classic&quot;}\">\n\t\t\t\t<div class=\"elementor-element elementor-element-128ce61 elementor-widget elementor-widget-heading\" data-id=\"128ce61\" data-element_type=\"widget\" data-widget_type=\"heading.default\">\n\t\t\t\t<div class=\"elementor-widget-container\">\n\t\t\t\t\t<h4 class=\"elementor-heading-title elementor-size-default\">Nuestra Historia<\/h4>\t\t\t\t<\/div>\n\t\t\t\t<\/div>\n\t\t\t\t<div class=\"elementor-element elementor-element-36c58da elementor-widget elementor-widget-text-editor\" data-id=\"36c58da\" data-element_type=\"widget\" data-widget_type=\"text-editor.default\">\n\t\t\t\t<div class=\"elementor-widget-container\">\n\t\t\t\t\t\t\t\t\t<p data-start=\"427\" data-end=\"960\">HELA-JOLOTE nace como una empresa familiar, impulsada por la ilusi\u00f3n de ofrecer momentos de felicidad a cada cliente que nos visite. Como cualquier familia, en HELA-JOLOTE creemos que la calidez, el respeto y la honestidad son la base de todo lo que hacemos. Al formar parte de esta comunidad, invitamos a cada cliente a sentirse como un miembro m\u00e1s de esta casa; por ello, queremos que conozcan las \u201creglas de la familia\u201d que nos gu\u00edan a diario y que hacen posible que cada visita sea una experiencia \u00fanica:<\/p><ul data-start=\"961\" data-end=\"1353\"><li data-start=\"961\" data-end=\"1229\"><p data-start=\"963\" data-end=\"1229\"><strong data-start=\"963\" data-end=\"1000\">Confianza y comunicaci\u00f3n efectiva<\/strong>: Para nosotros es fundamental construir relaciones sinceras, ya sea con quienes nos visitan o con el equipo que hace posible cada creaci\u00f3n. Si en alg\u00fan momento surge un malentendido, nos comprometemos a aclararlo de inmediato.<\/p><\/li><li data-start=\"1230\" data-end=\"1353\"><p data-start=\"1232\" data-end=\"1353\"><strong data-start=\"1232\" data-end=\"1256\">Calidad y excelencia<\/strong>: Cada paleta, cada helado y cada antojo que preparamos est\u00e1 pensado para superar expectativas.<\/p><\/li><\/ul>\t\t\t\t\t\t\t\t<\/div>\n\t\t\t\t<\/div>\n\t\t\t\t<\/div>\n\t\t\t\t<\/div>\n\t\t\t\t<\/div>\n\t\t<div class=\"elementor-element elementor-element-51a667d e-con-full e-flex e-con e-parent\" data-id=\"51a667d\" data-element_type=\"container\">\n\t\t<div class=\"elementor-element elementor-element-c5cde29 e-con-full pl-vw e-flex e-con e-child\" data-id=\"c5cde29\" data-element_type=\"container\" data-settings=\"{&quot;background_background&quot;:&quot;classic&quot;}\">\n\t\t<div class=\"elementor-element elementor-element-2333c90 e-flex e-con-boxed e-con e-child\" data-id=\"2333c90\" data-element_type=\"container\" data-settings=\"{&quot;background_background&quot;:&quot;classic&quot;}\">\n\t\t\t\t\t<div class=\"e-con-inner\">\n\t\t\t\t<div class=\"elementor-element elementor-element-dc3d344 elementor-widget__width-initial elementor-widget elementor-widget-heading\" data-id=\"dc3d344\" data-element_type=\"widget\" data-widget_type=\"heading.default\">\n\t\t\t\t<div class=\"elementor-widget-container\">\n\t\t\t\t\t<h2 class=\"elementor-heading-title elementor-size-default\">Misi\u00f3n<\/h2>\t\t\t\t<\/div>\n\t\t\t\t<\/div>\n\t\t\t\t<div class=\"elementor-element elementor-element-eab21df elementor-widget__width-initial elementor-widget elementor-widget-text-editor\" data-id=\"eab21df\" data-element_type=\"widget\" data-widget_type=\"text-editor.default\">\n\t\t\t\t<div class=\"elementor-widget-container\">\n\t\t\t\t\t\t\t\t\t<p>Proporcionar productos y servicios de alta calidad que superen constantemente las expectativas de nuestros clientes, mediante la adopci\u00f3n de la filosof\u00eda de excelencia y calidad en el servicio. Cada d\u00eda trabajamos para garantizar que cada bocado refleje nuestra dedicaci\u00f3n y amor por lo que hacemos.<\/p>\t\t\t\t\t\t\t\t<\/div>\n\t\t\t\t<\/div>\n\t\t\t\t\t<\/div>\n\t\t\t\t<\/div>\n\t\t<div class=\"elementor-element elementor-element-961bdee e-con-full e-flex e-con e-child\" data-id=\"961bdee\" data-element_type=\"container\" data-settings=\"{&quot;background_background&quot;:&quot;classic&quot;}\">\n\t\t\t\t<div class=\"elementor-element elementor-element-d932f91 elementor-widget__width-initial elementor-widget elementor-widget-heading\" data-id=\"d932f91\" data-element_type=\"widget\" data-widget_type=\"heading.default\">\n\t\t\t\t<div class=\"elementor-widget-container\">\n\t\t\t\t\t<h2 class=\"elementor-heading-title elementor-size-default\">Visi\u00f3n<\/h2>\t\t\t\t<\/div>\n\t\t\t\t<\/div>\n\t\t\t\t<div class=\"elementor-element elementor-element-833d819 elementor-widget__width-initial elementor-widget elementor-widget-text-editor\" data-id=\"833d819\" data-element_type=\"widget\" data-widget_type=\"text-editor.default\">\n\t\t\t\t<div class=\"elementor-widget-container\">\n\t\t\t\t\t\t\t\t\t<p>Crear una tradici\u00f3n y convertirnos en la primera opci\u00f3n de los visitantes y residentes de nuestra comunidad en Xochimilco al momento de querer saborear un delicioso helado o alguna de nuestras preparaciones especiales. Buscamos que, con el paso de los a\u00f1os, HELA-JOLOTE sea sin\u00f3nimo de frescura, autenticidad y buen sabor.<\/p>\t\t\t\t\t\t\t\t<\/div>\n\t\t\t\t<\/div>\n\t\t\t\t<\/div>\n\t\t\t\t<\/div>\n\t\t<div class=\"elementor-element elementor-element-f43522e e-con-full e-flex e-con e-child\" data-id=\"f43522e\" data-element_type=\"container\" data-settings=\"{&quot;background_background&quot;:&quot;classic&quot;}\">\n\t\t\t\t<div class=\"elementor-element elementor-element-b53c032 elementor-widget elementor-widget-spacer\" data-id=\"b53c032\" data-element_type=\"widget\" data-widget_type=\"spacer.default\">\n\t\t\t\t<div class=\"elementor-widget-container\">\n\t\t\t\t\t\t\t<div class=\"elementor-spacer\">\n\t\t\t<div class=\"elementor-spacer-inner\"><\/div>\n\t\t<\/div>\n\t\t\t\t\t\t<\/div>\n\t\t\t\t<\/div>\n\t\t\t\t<\/div>\n\t\t\t\t<\/div>\n\t\t<div class=\"elementor-element elementor-element-4a0cf44 e-con-full e-flex e-con e-parent\" data-id=\"4a0cf44\" data-element_type=\"container\">\n\t\t<div class=\"elementor-element elementor-element-1e92ad6 e-con-full e-flex e-con e-child\" data-id=\"1e92ad6\" data-element_type=\"container\" data-settings=\"{&quot;background_background&quot;:&quot;classic&quot;}\">\n\t\t\t\t<div class=\"elementor-element elementor-element-0b05ccb elementor-widget elementor-widget-spacer\" data-id=\"0b05ccb\" data-element_type=\"widget\" data-widget_type=\"spacer.default\">\n\t\t\t\t<div class=\"elementor-widget-container\">\n\t\t\t\t\t\t\t<div class=\"elementor-spacer\">\n\t\t\t<div class=\"elementor-spacer-inner\"><\/div>\n\t\t<\/div>\n\t\t\t\t\t\t<\/div>\n\t\t\t\t<\/div>\n\t\t\t\t<\/div>\n\t\t<div class=\"elementor-element elementor-element-d3daa78 e-con-full e-flex e-con e-child\" data-id=\"d3daa78\" data-element_type=\"container\">\n\t\t<div class=\"elementor-element elementor-element-ad2f7ae e-con-full e-flex e-con e-child\" data-id=\"ad2f7ae\" data-element_type=\"container\" data-settings=\"{&quot;background_background&quot;:&quot;classic&quot;}\">\n\t\t\t\t<div class=\"elementor-element elementor-element-9dad31c elementor-widget elementor-widget-heading\" data-id=\"9dad31c\" data-element_type=\"widget\" data-widget_type=\"heading.default\">\n\t\t\t\t<div class=\"elementor-widget-container\">\n\t\t\t\t\t<h4 class=\"elementor-heading-title elementor-size-default\">Nuestros Valores<\/h4>\t\t\t\t<\/div>\n\t\t\t\t<\/div>\n\t\t\t\t<div class=\"elementor-element elementor-element-d2b289c elementor-widget elementor-widget-text-editor\" data-id=\"d2b289c\" data-element_type=\"widget\" data-widget_type=\"text-editor.default\">\n\t\t\t\t<div class=\"elementor-widget-container\">\n\t\t\t\t\t\t\t\t\t<p data-start=\"2035\" data-end=\"2056\"><strong data-start=\"2035\" data-end=\"2054\">Responsabilidad<\/strong><\/p><p data-start=\"2061\" data-end=\"2220\">Asumimos con responsabilidad los resultados de nuestras acciones y decisiones, asegur\u00e1ndonos de cumplir con cada obligaci\u00f3n, tanto interna como externamente.<\/p><p data-start=\"2223\" data-end=\"2239\"><strong data-start=\"2223\" data-end=\"2237\">Integridad<\/strong><\/p><p data-start=\"2244\" data-end=\"2422\">La honradez, la honestidad y la congruencia son la base de nuestra comunicaci\u00f3n. Buscamos generar v\u00ednculos de confianza con cada miembro de HELA-JOLOTE y con nuestros clientes.<\/p><p data-start=\"2425\" data-end=\"2438\"><strong data-start=\"2425\" data-end=\"2436\">Respeto<\/strong><\/p><p data-start=\"2443\" data-end=\"2593\">Reconocemos el valor y la dignidad de cada persona vinculada a nuestra empresa, ya sea un compa\u00f1ero de trabajo o un cliente que nos elige d\u00eda a d\u00eda.<\/p><p data-start=\"2596\" data-end=\"2619\"><strong data-start=\"2596\" data-end=\"2617\">Trabajo en equipo<\/strong><\/p><p data-start=\"2624\" data-end=\"2848\">Creemos firmemente en la fuerza del trabajo conjunto. Las ideas nuevas, el esp\u00edritu de servicio y el aprendizaje colaborativo generan el ambiente adecuado para el crecimiento de nuestro personal y, por ende, de la empresa.<\/p><p data-start=\"2850\" data-end=\"3153\" data-is-last-node=\"\" data-is-only-node=\"\">En <strong>HELA-JOLOTE<\/strong>, cada uno de estos valores se refleja en la frescura de nuestros ingredientes, la atenci\u00f3n cercana de nuestro equipo y la pasi\u00f3n con la que elaboramos cada producto. \u00a1Gracias por ser parte de esta familia! Los esperamos con los brazos abiertos y las paletas listas para endulzar sus d\u00edas.<\/p>\t\t\t\t\t\t\t\t<\/div>\n\t\t\t\t<\/div>\n\t\t\t\t<\/div>\n\t\t\t\t<\/div>\n\t\t\t\t<\/div>\n\t\t<div class=\"elementor-element elementor-element-aaaaa7e e-flex e-con-boxed e-con e-parent\" data-id=\"aaaaa7e\" data-element_type=\"container\" data-settings=\"{&quot;background_background&quot;:&quot;classic&quot;}\">\n\t\t\t\t\t<div class=\"e-con-inner\">\n\t\t\t\t<div class=\"elementor-element elementor-element-1492dad elementor-absolute elementor-hidden-mobile elementor-widget elementor-widget-image\" data-id=\"1492dad\" data-element_type=\"widget\" data-settings=\"{&quot;_position&quot;:&quot;absolute&quot;,&quot;motion_fx_motion_fx_scrolling&quot;:&quot;yes&quot;,&quot;motion_fx_translateY_effect&quot;:&quot;yes&quot;,&quot;motion_fx_translateY_speed&quot;:{&quot;unit&quot;:&quot;px&quot;,&quot;size&quot;:3,&quot;sizes&quot;:[]},&quot;motion_fx_devices&quot;:[&quot;desktop&quot;,&quot;laptop&quot;,&quot;tablet_extra&quot;],&quot;motion_fx_translateY_affectedRange&quot;:{&quot;unit&quot;:&quot;%&quot;,&quot;size&quot;:&quot;&quot;,&quot;sizes&quot;:{&quot;start&quot;:0,&quot;end&quot;:100}}}\" data-widget_type=\"image.default\">\n\t\t\t\t<div class=\"elementor-widget-container\">\n\t\t\t\t\t\t\t\t\t\t\t\t\t\t\t<img decoding=\"async\" width=\"160\" height=\"166\" src=\"https:\/\/hela-jolote.com\/wp-content\/uploads\/2024\/03\/str_deco1.png\" class=\"attachment-full size-full wp-image-1519\" alt=\"\" \/>\t\t\t\t\t\t\t\t\t\t\t\t\t\t\t<\/div>\n\t\t\t\t<\/div>\n\t\t\t\t<div class=\"elementor-element elementor-element-fa77ca8 elementor-absolute elementor-hidden-mobile elementor-widget elementor-widget-image\" data-id=\"fa77ca8\" data-element_type=\"widget\" data-settings=\"{&quot;_position&quot;:&quot;absolute&quot;,&quot;motion_fx_motion_fx_scrolling&quot;:&quot;yes&quot;,&quot;motion_fx_translateY_effect&quot;:&quot;yes&quot;,&quot;motion_fx_translateY_direction&quot;:&quot;negative&quot;,&quot;motion_fx_translateY_speed&quot;:{&quot;unit&quot;:&quot;px&quot;,&quot;size&quot;:3,&quot;sizes&quot;:[]},&quot;motion_fx_devices&quot;:[&quot;desktop&quot;,&quot;laptop&quot;,&quot;tablet_extra&quot;],&quot;motion_fx_translateY_affectedRange&quot;:{&quot;unit&quot;:&quot;%&quot;,&quot;size&quot;:&quot;&quot;,&quot;sizes&quot;:{&quot;start&quot;:0,&quot;end&quot;:100}}}\" data-widget_type=\"image.default\">\n\t\t\t\t<div class=\"elementor-widget-container\">\n\t\t\t\t\t\t\t\t\t\t\t\t\t\t\t<img decoding=\"async\" width=\"168\" height=\"122\" src=\"https:\/\/hela-jolote.com\/wp-content\/uploads\/2024\/03\/str_deco2.png\" class=\"attachment-full size-full wp-image-1520\" alt=\"\" \/>\t\t\t\t\t\t\t\t\t\t\t\t\t\t\t<\/div>\n\t\t\t\t<\/div>\n\t\t\t\t<div class=\"elementor-element elementor-element-4fefa86 elementor-absolute elementor-hidden-mobile elementor-widget elementor-widget-image\" data-id=\"4fefa86\" data-element_type=\"widget\" data-settings=\"{&quot;_position&quot;:&quot;absolute&quot;,&quot;motion_fx_motion_fx_scrolling&quot;:&quot;yes&quot;,&quot;motion_fx_translateX_effect&quot;:&quot;yes&quot;,&quot;motion_fx_translateX_direction&quot;:&quot;negative&quot;,&quot;motion_fx_translateX_speed&quot;:{&quot;unit&quot;:&quot;px&quot;,&quot;size&quot;:3,&quot;sizes&quot;:[]},&quot;motion_fx_devices&quot;:[&quot;desktop&quot;,&quot;laptop&quot;,&quot;tablet_extra&quot;],&quot;motion_fx_translateX_affectedRange&quot;:{&quot;unit&quot;:&quot;%&quot;,&quot;size&quot;:&quot;&quot;,&quot;sizes&quot;:{&quot;start&quot;:0,&quot;end&quot;:100}}}\" data-widget_type=\"image.default\">\n\t\t\t\t<div class=\"elementor-widget-container\">\n\t\t\t\t\t\t\t\t\t\t\t\t\t\t\t<img decoding=\"async\" width=\"200\" height=\"197\" src=\"https:\/\/hela-jolote.com\/wp-content\/uploads\/2024\/03\/str_deco3.png\" class=\"attachment-full size-full wp-image-1521\" alt=\"\" srcset=\"https:\/\/hela-jolote.com\/wp-content\/uploads\/2024\/03\/str_deco3.png 200w, https:\/\/hela-jolote.com\/wp-content\/uploads\/2024\/03\/str_deco3-100x100.png 100w, https:\/\/hela-jolote.com\/wp-content\/uploads\/2024\/03\/str_deco3-50x50.png 50w, https:\/\/hela-jolote.com\/wp-content\/uploads\/2024\/03\/str_deco3-96x96.png 96w\" sizes=\"(max-width: 200px) 100vw, 200px\" \/>\t\t\t\t\t\t\t\t\t\t\t\t\t\t\t<\/div>\n\t\t\t\t<\/div>\n\t\t\t\t\t<\/div>\n\t\t\t\t<\/div>\n\t\t\t\t<\/div>\n\t\t","protected":false},"excerpt":{"rendered":"<p>Quienes somos \u00a1Bienvenidos a la gran familia HELA-JOLOTE! Somos Carmen, Karina, Andrea, Daniel y Carlos, los cinco socios que hace algunos a\u00f1os decidimos unir nuestras pasiones y sue\u00f1os para crear esta paleter\u00eda que hoy compartimos con ustedes. Desde el primer d\u00eda, nuestro prop\u00f3sito ha sido muy claro: compartir alegr\u00eda y placer a trav\u00e9s de una [&hellip;]<\/p>\n","protected":false},"author":1,"featured_media":0,"parent":0,"menu_order":0,"comment_status":"closed","ping_status":"closed","template":"template-homepage.php","meta":{"footnotes":""},"class_list":["post-133","page","type-page","status-publish","hentry"],"_links":{"self":[{"href":"https:\/\/hela-jolote.com\/index.php\/wp-json\/wp\/v2\/pages\/133","targetHints":{"allow":["GET"]}}],"collection":[{"href":"https:\/\/hela-jolote.com\/index.php\/wp-json\/wp\/v2\/pages"}],"about":[{"href":"https:\/\/hela-jolote.com\/index.php\/wp-json\/wp\/v2\/types\/page"}],"author":[{"embeddable":true,"href":"https:\/\/hela-jolote.com\/index.php\/wp-json\/wp\/v2\/users\/1"}],"replies":[{"embeddable":true,"href":"https:\/\/hela-jolote.com\/index.php\/wp-json\/wp\/v2\/comments?post=133"}],"version-history":[{"count":15,"href":"https:\/\/hela-jolote.com\/index.php\/wp-json\/wp\/v2\/pages\/133\/revisions"}],"predecessor-version":[{"id":6018,"href":"https:\/\/hela-jolote.com\/index.php\/wp-json\/wp\/v2\/pages\/133\/revisions\/6018"}],"wp:attachment":[{"href":"https:\/\/hela-jolote.com\/index.php\/wp-json\/wp\/v2\/media?parent=133"}],"curies":[{"name":"wp","href":"https:\/\/api.w.org\/{rel}","templated":true}]}}